{"id":3,"date":"2023-01-26T19:44:35","date_gmt":"2023-01-26T18:44:35","guid":{"rendered":"http:\/\/www.solskicenter.net\/\/?page_id=3"},"modified":"2023-09-25T13:23:35","modified_gmt":"2023-09-25T11:23:35","slug":"privacy-policy","status":"publish","type":"page","link":"https:\/\/www.solskicenter.net\/it\/privacy-policy\/","title":{"rendered":"Privacy Policy"},"content":{"rendered":"<main id=\"maincontent\" class=\"container pb-4 px-4 sfondo-pagina\"><nav class=\"breadcrumb-container\" aria-label=\"Percorso di navigazione\">\r\n<h2 class=\"wp-block-heading\">Informativa Privacy<\/h2>\r\n<\/nav>\r\n<section class=\"contenuto-sito\">\r\n<div class=\"row\">\r\n<div class=\"pagina col-12 clearfix\">\r\n<h3>ai sensi dell&#8217;articolo 13 Regolamento (UE) 2016\/679 (&#8220;GDPR&#8221;)<\/h3>\r\n<h4>TITOLARE DEL TRATTAMENTO<\/h4>\r\n<p>Denominazione: I.S.I.S. Simon Gregor\u010di\u010d &#8211; Scuola con lingua d\u2019insegnamento slovena<br \/>Dirigenza e Amministrazione presso la sede centrale<br \/>Via Puccini, 14 \u2013 Gorizia 34170 (Go \u2013 Italia)<br \/>Tel.: +39 0481 82123<\/p>\r\n<p>Il titolare del trattamento ha nominato un Data Protection Officer (Responsabile della protezione Dati) contattabile ai seguenti recapiti Igor \u0160korjanc, tel. 0481 823123, email privacy@solskicenter.net.<\/p>\r\n<h4>FINALIT\u00c0 DEL TRATTAMENTO, BASE GIURIDICA e TIPOLOGIA DEI DATI<\/h4>\r\n<p>La presente informativa riguarda i trattamenti effettuati sul sito internet da parte dell\u2019Istituto Scolastico Titolare del Trattamento. In particolare, la scuola, ove pubblichi foto di alunni e insegnanti, tratter\u00e0 delle immagini e lo far\u00e0 al solo fine di documentare attivit\u00e0 didattiche di particolare pregio avendo cura di non rendere identificabili gli alunni in mancanza di base giuridica che non si identifichi nel perseguimento di un interesse pubblico. Alcuni dati personali (come dati anagrafici, informazioni sul ruolo ricoperto, e CV) potrebbero emergere dalla sezione &#8220;amministrazione trasparente&#8221; e\/o dall&#8217; &#8220;albo online&#8221;, in quel caso il trattamento \u00e8 eseguito in forza di legge.<br \/>Ove presenti form di contatto, i dati del richiedente (principalmente dati anagrafici e di contatto) verranno trattati per soddisfare una esplicita richiesta precontrattuale ai sensi dell\u2019art. 6 b) del GDPR.<\/p>\r\n<h4>COMUNICAZIONE DEI DATI<\/h4>\r\n<p>I dati vengono trattati solo da personale adeguatamente incaricato ovvero da soggetti terzi nominati quali Responsabili del Trattamento ex art. 28 GDPR. I dati degli utenti non verranno inviati all&#8217;estero in mancanza di uno dei meccanismi di garanzia previsti dal GDPR da interpretare alla luce della Sentenza Schrems II.<\/p>\r\n<h4>TEMPI DI CONSERVAZIONE<\/h4>\r\n<p>Il Titolare del Trattamento tratter\u00e0 i dati per il tempo analiticamente previsto dal massimario di scarto della pubblica amministrazione rinvenibile al seguente link:\u00a0<a href=\"https:\/\/www.istruzione.it\/responsabile-transizione-digitale\/allegati\/_MI%20-%20RTD_Gestione%20documentale_Massimario%20di%20conservazione%20e%20scarto_final_v4.pdf\" target=\"_blank\" rel=\"noopener\">Gestione documentale &#8211; Massimario di conservazione e scarto<\/a><\/p>\r\n<h4>DIRITTI DELL\u2019INTERESSATO<\/h4>\r\n<p>L&#8217;utente ha il diritto di richiedere l&#8217;accesso ai dati personali e la rettifica o la cancellazione degli stessi o la limitazione del trattamento dei dati personali che lo riguardano o di opporsi al loro trattamento, oltre al diritto alla portabilit\u00e0 dei dati. Qualora ritenga, ha anche il diritto di proporre reclamo o segnalazione al Garante della Privacy utilizzando i moduli presenti sul suo sito.<\/p>\r\n<h4>ALTRE INFORMAZIONI<\/h4>\r\n<p>Per ulteriori e pi\u00f9 precise informazioni si invita l&#8217;utenza a esaminare la documentazione privacy redatta dalla scuola ed in particolare:<\/p>\r\n<ul>\r\n<li><a href=\"https:\/\/www.solskicenter.net\/wp-content\/uploads\/2023\/09\/Informativa-genitori-alunni.pdf\">Informativa-genitori-alunni<\/a><\/li>\r\n<li><a href=\"https:\/\/www.solskicenter.net\/wp-content\/uploads\/2023\/09\/Informativa-dipendenti-collaboratori.pdf\">Informativa-dipendenti-collaboratori<\/a><\/li>\r\n<\/ul>\r\n<p>&nbsp;<\/p>\r\n<\/div>\r\n<\/div>\r\n<\/section>\r\n<\/main>","protected":false},"excerpt":{"rendered":"<p>Informativa Privacy ai sensi dell&#8217;articolo 13 Regolamento (UE) 2016\/679 (&#8220;GDPR&#8221;) TITOLARE DEL TRATTAMENTO Denominazione: I.S.I.S. Simon Gregor\u010di\u010d &#8211; Scuola con lingua d\u2019insegnamento slovenaDirigenza e Amministrazione presso la sede centraleVia Puccini, 14 \u2013 Gorizia 34170 (Go \u2013 [&hellip;]<\/p>\n","protected":false},"author":1,"featured_media":0,"parent":0,"menu_order":0,"comment_status":"closed","ping_status":"closed","template":"","meta":{"footnotes":""},"tags":[],"class_list":["post-3","page","type-page","status-publish","hentry"],"_links":{"self":[{"href":"https:\/\/www.solskicenter.net\/it\/wp-json\/wp\/v2\/pages\/3","targetHints":{"allow":["GET"]}}],"collection":[{"href":"https:\/\/www.solskicenter.net\/it\/wp-json\/wp\/v2\/pages"}],"about":[{"href":"https:\/\/www.solskicenter.net\/it\/wp-json\/wp\/v2\/types\/page"}],"author":[{"embeddable":true,"href":"https:\/\/www.solskicenter.net\/it\/wp-json\/wp\/v2\/users\/1"}],"replies":[{"embeddable":true,"href":"https:\/\/www.solskicenter.net\/it\/wp-json\/wp\/v2\/comments?post=3"}],"version-history":[{"count":6,"href":"https:\/\/www.solskicenter.net\/it\/wp-json\/wp\/v2\/pages\/3\/revisions"}],"predecessor-version":[{"id":876,"href":"https:\/\/www.solskicenter.net\/it\/wp-json\/wp\/v2\/pages\/3\/revisions\/876"}],"wp:attachment":[{"href":"https:\/\/www.solskicenter.net\/it\/wp-json\/wp\/v2\/media?parent=3"}],"wp:term":[{"taxonomy":"post_tag","embeddable":true,"href":"https:\/\/www.solskicenter.net\/it\/wp-json\/wp\/v2\/tags?post=3"}],"curies":[{"name":"wp","href":"https:\/\/api.w.org\/{rel}","templated":true}]}}