{"id":2537,"date":"2026-01-30T19:19:25","date_gmt":"2026-01-30T18:19:25","guid":{"rendered":"https:\/\/www.solskicenter.net\/?page_id=2537"},"modified":"2026-03-27T18:39:48","modified_gmt":"2026-03-27T17:39:48","slug":"esame-di-maturita-2026","status":"publish","type":"page","link":"https:\/\/www.solskicenter.net\/it\/esame-di-maturita-2026\/","title":{"rendered":"Esame di maturit\u00e0 2026"},"content":{"rendered":"\r\n<div class=\"wp-block-columns is-layout-flex wp-container-core-columns-is-layout-9d6595d7 wp-block-columns-is-layout-flex\">\r\n<div class=\"wp-block-column is-layout-flow wp-block-column-is-layout-flow\" style=\"flex-basis: 33.33%;\">\r\n<ul class=\"wp-block-list\">\r\n \t<li style=\"list-style-type: none;\">\r\n<ul class=\"wp-block-list\">\r\n \t<li>Uvod<\/li>\r\n<\/ul>\r\n<\/li>\r\n<\/ul>\r\n\r\n\r\n\r\n<ul class=\"wp-block-list\">\r\n \t<li style=\"list-style-type: none;\">\r\n<ul class=\"wp-block-list\">\r\n \t<li>Uradni dokumenti mature<\/li>\r\n<\/ul>\r\n<\/li>\r\n<\/ul>\r\n\r\n\r\n\r\n<ul class=\"wp-block-list\">\r\n \t<li style=\"list-style-type: none;\">\r\n<ul class=\"wp-block-list\">\r\n \t<li>Dokument 15. maja<\/li>\r\n<\/ul>\r\n<\/li>\r\n<\/ul>\r\n\r\n\r\n\r\n\r\n\r\n\r\nVe\u010d o maturi 2026:\r\n\r\n\r\n\r\n\r\n<ul class=\"wp-block-list\">\r\n \t<li style=\"list-style-type: none;\">\r\n<ul class=\"wp-block-list\">\r\n \t<li><a href=\"https:\/\/www.istruzione.it\/esami-di-primo-e-secondo-ciclo-2025-2026\/Esami%20di%20primo%20e%20secondo%20ciclo%202025-2026.html\" target=\"_blank\" rel=\"noreferrer noopener\">MINISTSKA STRAN <\/a><\/li>\r\n<\/ul>\r\n<\/li>\r\n<\/ul>\r\n\r\n\r\n\r\n<ul class=\"wp-block-list\">\r\n \t<li style=\"list-style-type: none;\">\r\n<ul class=\"wp-block-list\">\r\n \t<li><a href=\"https:\/\/usrfvg.gov.it\/sl\/home\/menu\/uffici\/ufficio-scuole-slovene\/Esami-di-stato\/\">STRAN DE\u017dELNEGA \u0160OLSKEGA URADA<\/a><\/li>\r\n<\/ul>\r\n<\/li>\r\n<\/ul>\r\n\r\n\r\n\r\n\r\n<\/div>\r\n\r\n\r\n\r\n<div class=\"wp-block-column is-layout-flow wp-block-column-is-layout-flow\" style=\"flex-basis: 66.66%;\">\r\n<h2 class=\"wp-block-heading\">URADNI DOKUMENTI<\/h2>\r\n\r\n\r\n\r\n\r\n<a href=\"https:\/\/www.solskicenter.net\/wp-content\/uploads\/2026\/01\/Allegato-4-SC-SLOVENE-signed.pdf\">PREDMETI ZA SLOVENSKE \u0160OLE<\/a>\r\n\r\n\r\n\r\n\r\n\r\n<a href=\"https:\/\/www.solskicenter.net\/wp-content\/uploads\/2026\/01\/m_pi.AOOGABMI.Registro-DecretiR.0000013.29-01-2026.pdf\">1. MINISTRSKA UREDBA O POTEKU IZPITA<\/a>\r\n\r\n\r\n\r\n\r\n\r\n<a href=\"https:\/\/www.solskicenter.net\/wp-content\/uploads\/2026\/03\/Allegato-A-griglia-valutazione-colloquio-2026-signed.pdf\">2. MINISTRSKA UREDBA O POTEKU MATURITETNEGA IZPITA<\/a>\r\n\r\n\r\n\r\n\r\n\r\n<a href=\"https:\/\/www.solskicenter.net\/wp-content\/uploads\/2026\/03\/nota-78833.pdf\">UPORABA ELEKTRONSKIH KALKULATORJEV PRI PISNIH NALOGAH NA MATURITETNEM IZPITU (Dopis \u0161t. 78833)<\/a>\r\n\r\n\r\n\r\n\r\n\r\n<a href=\"https:\/\/www.solskicenter.net\/wp-content\/uploads\/2026\/03\/Allegato-A-griglia-valutazione-colloquio-2026-signed.pdf\">OCENJEVALNA POLA ZA USTNI DEL IZPITA<\/a>\r\n\r\n\r\n\r\n\r\n<h2 class=\"wp-block-heading\">PISMO RAVNATELJA<\/h2>\r\n\r\n\r\n\r\n\r\nDrage dijakinje, dragi dijaki,\r\n\r\n\r\n\r\n\r\n\r\nobve\u0161\u010dam vas, da je minister Valditara z Ministrsko uredbo \u0161t. 13 z dne 29. januarja 2026 uradno dolo\u010dil na\u010din izvedbe dr\u017eavne mature ter predmete, ki so predmet pisnih in ustnega dela izpita v \u0161olskem letu 2025\/2026.\r\n\r\n\r\n\r\n\r\n\r\nZa srednje \u0161ole s slovenskim u\u010dnim jezikom v Furlaniji &#8211; Julijski krajini matura obsega tri pisne preizkuse in ustni izpit. Namen mature je celovito preverjanje znanja, spretnosti in kompetenc, ki ste jih pridobili v \u010dasu \u0161olanja.\r\n\r\n\r\n\r\n\r\n\r\nPrva pisna naloga preverja znanje slovenskega jezika, s poudarkom na razumevanju, pisnem izra\u017eanju ter logi\u010dnem in kriti\u010dnem mi\u0161ljenju. Prvi pisni nalogi komisija dodeli do najve\u010d 15 to\u010dk.\r\n\r\n\r\n\r\n\r\n\r\nDruga pisna naloga je dolo\u010dena na dr\u017eavni ravni glede na posamezno izobra\u017eevalno smer; naloge so uradno prevedene v slovenski jezik. Drugi pisni nalogi komisija dodeli do najve\u010d 15 to\u010dk.\r\n\r\n\r\n\r\n\r\n\r\nTretja pisna naloga preverja znanje italijan\u0161\u010dine kot drugega jezika, zlasti razumevanje besedila in pisno izra\u017eanje. Tretji pisni nalogi komisija dodeli do najve\u010d 10 to\u010dk.\r\n\r\n\r\n\r\n\r\n\r\nUstni izpit <strong>je obvezni del mature<\/strong> in je skupaj s pisnimi preizkusi pogoj za veljavno opravljanje izpita. Njegov temeljni namen je preveriti, ali je kandidat dosegel vzgojno-izobra\u017eevalni, kulturni in poklicni profil dijaka ob zaklju\u010dku \u0161olanja.\r\n\r\n\r\n\r\n\r\n\r\nUstni izpit:\r\n\r\n\r\n\r\n\r\n\r\n<strong>poteka iz \u0161tirih predmetov, dolo\u010denih na dr\u017eavni ravni,<\/strong>\r\n\r\n\r\n\r\n\r\n\r\ntemelji tudi na <strong>Curriculumu dijaka<\/strong>, ki povzema celotno \u0161olsko in ob\u0161olsko pot.\r\n\r\n\r\n\r\n\r\n\r\n<strong>Zagovor se za\u010dne s kratkim razmislekom dijaka o lastnem \u0161olskem in osebnem razvoju<\/strong>, nato pa se nadaljuje z vpra\u0161anji in poglobitvami iz \u0161tirih izbranih predmetov. Pri tem komisija preverja:\r\n\r\n\r\n\r\n\r\n<ul class=\"wp-block-list\">\r\n \t<li style=\"list-style-type: none;\">\r\n<ul class=\"wp-block-list\">\r\n \t<li>poznavanje vsebin in metod posameznih predmetov,<\/li>\r\n<\/ul>\r\n<\/li>\r\n<\/ul>\r\n\r\n\r\n\r\n<ul class=\"wp-block-list\">\r\n \t<li style=\"list-style-type: none;\">\r\n<ul class=\"wp-block-list\">\r\n \t<li>sposobnost povezovanja znanj,<\/li>\r\n<\/ul>\r\n<\/li>\r\n<\/ul>\r\n\r\n\r\n\r\n<ul class=\"wp-block-list\">\r\n \t<li style=\"list-style-type: none;\">\r\n<ul class=\"wp-block-list\">\r\n \t<li>zmo\u017enost kriti\u010dnega, samostojnega in osebnega argumentiranja,<\/li>\r\n<\/ul>\r\n<\/li>\r\n<\/ul>\r\n\r\n\r\n\r\n<ul class=\"wp-block-list\">\r\n \t<li style=\"list-style-type: none;\">\r\n<ul class=\"wp-block-list\">\r\n \t<li>stopnjo zrelosti, odgovornosti in samostojnosti.<\/li>\r\n<\/ul>\r\n<\/li>\r\n<\/ul>\r\n\r\n\r\n\r\n\r\n\r\n\r\nV okviru ustnega izpita dijak:\r\n\r\n\r\n\r\n\r\n<ul class=\"wp-block-list\">\r\n \t<li style=\"list-style-type: none;\">\r\n<ul class=\"wp-block-list\">\r\n \t<li>predstavi izku\u0161nje <strong>\u0161olskega izobra\u017eevanja za delo s kratko pisno razlago ali multimedijskim izdelkom<\/strong>,<\/li>\r\n<\/ul>\r\n<\/li>\r\n<\/ul>\r\n\r\n\r\n\r\n<ul class=\"wp-block-list\">\r\n \t<li style=\"list-style-type: none;\">\r\n<ul class=\"wp-block-list\">\r\n \t<li>izkazuje <strong>znanja in kompetence s podro\u010dja dr\u017eavljanske vzgoje<\/strong> (educazione civica), skladno z u\u010dnim na\u010drtom \u0161ole in dejavnostmi, dolo\u010denimi v dokumentu razrednega sveta,<\/li>\r\n<\/ul>\r\n<\/li>\r\n<\/ul>\r\n\r\n\r\n\r\n<ul class=\"wp-block-list\">\r\n \t<li style=\"list-style-type: none;\">\r\n<ul class=\"wp-block-list\">\r\n \t<li>sodeluje pri razpravi o pisnih nalogah, opravljenih na maturi.<\/li>\r\n<\/ul>\r\n<\/li>\r\n<\/ul>\r\n\r\n\r\n\r\n\r\n\r\n\r\nPoseben poudarek je namenjen tudi znanju italijan\u0161\u010dine kot drugega jezika, ki se preverja tako pri pisnem kot pri ustnem delu izpita.\r\n\r\n\r\n\r\n\r\n\r\nKomisija pri ocenjevanju upo\u0161teva celostni razvoj dijaka, vklju\u010dno z:\r\n\r\n\r\n\r\n\r\n<ul class=\"wp-block-list\">\r\n \t<li style=\"list-style-type: none;\">\r\n<ul class=\"wp-block-list\">\r\n \t<li>znanjem, spretnostmi in kompetencami,<\/li>\r\n<\/ul>\r\n<\/li>\r\n<\/ul>\r\n\r\n\r\n\r\n<ul class=\"wp-block-list\">\r\n \t<li style=\"list-style-type: none;\">\r\n<ul class=\"wp-block-list\">\r\n \t<li>osebno rastjo, zavzetostjo in odgovornostjo,<\/li>\r\n<\/ul>\r\n<\/li>\r\n<\/ul>\r\n\r\n\r\n\r\n<ul class=\"wp-block-list\">\r\n \t<li style=\"list-style-type: none;\">\r\n<ul class=\"wp-block-list\">\r\n \t<li>morebitnimi posebej prizadevnimi in dokumentiranimi dejavnostmi, navedenimi v Curriculum-u.<\/li>\r\n<\/ul>\r\n<\/li>\r\n<\/ul>\r\n\r\n\r\n\r\n\r\n\r\n\r\nMatura je veljavno opravljena <strong>le, \u010de kandidat opravi vse predpisane preizkuse<\/strong>, vklju\u010dno z ustnim delom.\r\n\r\n\r\n\r\n\r\n\r\nK temu obvestilu pripenjam:\r\n\r\n\r\n\r\n\r\n\r\nMinistrsko uredbo \u0161t. 13 z dne 29. 1. 2026\r\n\r\n\r\n\r\n\r\n\r\nUradni seznam predmetov druge pisne naloge in \u0161tirih predmetov ustnega zagovora za slovenske \u0161ole, razdeljen po posameznih izobra\u017eevalnih smereh.\r\n\r\n\r\n\r\n\r\n\r\nVabim vas, da dokumente natan\u010dno preberete, saj predstavljajo uradno in zavezujo\u010do podlago za organizacijo in pripravo dr\u017eavne mature 2025\/2026. Vabim Vas tudi, da skrbno izpolnite svoj \u0161tudentski kurikulum. \u00a0Za dodatna pojasnila se lahko obrnete na razrednike ali na vodstvo \u0161ole.\r\n\r\n\r\n\r\n\r\n\r\n\u017delim vam uspe\u0161no in mirno pripravo na maturo.\r\n\r\n\r\n\r\n\r\n\r\nPrisr\u010den pozdrav\r\n\r\n\r\n\r\n\r\n\r\nRavnatelj\r\nPeter \u010cernic\r\n\r\n\r\n\r\n\r\n<h3 class=\"wp-block-heading\"><\/h3>\r\n\r\n\r\n<\/div>\r\n\r\n\r\n<\/div>\r\n\r\n\r\n\r\n\r\n\r\n\r\n\r\n\r\n","protected":false},"excerpt":{"rendered":"<p>Ve\u010d o maturi 2026: URADNI DOKUMENTI PREDMETI ZA SLOVENSKE \u0160OLE 1. MINISTRSKA UREDBA O POTEKU IZPITA 2. MINISTRSKA UREDBA O POTEKU MATURITETNEGA IZPITA UPORABA ELEKTRONSKIH KALKULATORJEV PRI PISNIH NALOGAH NA MATURITETNEM IZPITU (Dopis \u0161t. 78833) OCENJEVALNA [&hellip;]<\/p>\n","protected":false},"author":1,"featured_media":0,"parent":0,"menu_order":0,"comment_status":"closed","ping_status":"closed","template":"","meta":{"footnotes":""},"tags":[275],"class_list":["post-2537","page","type-page","status-publish","hentry","tag-alunni"],"_links":{"self":[{"href":"https:\/\/www.solskicenter.net\/it\/wp-json\/wp\/v2\/pages\/2537","targetHints":{"allow":["GET"]}}],"collection":[{"href":"https:\/\/www.solskicenter.net\/it\/wp-json\/wp\/v2\/pages"}],"about":[{"href":"https:\/\/www.solskicenter.net\/it\/wp-json\/wp\/v2\/types\/page"}],"author":[{"embeddable":true,"href":"https:\/\/www.solskicenter.net\/it\/wp-json\/wp\/v2\/users\/1"}],"replies":[{"embeddable":true,"href":"https:\/\/www.solskicenter.net\/it\/wp-json\/wp\/v2\/comments?post=2537"}],"version-history":[{"count":1,"href":"https:\/\/www.solskicenter.net\/it\/wp-json\/wp\/v2\/pages\/2537\/revisions"}],"predecessor-version":[{"id":2538,"href":"https:\/\/www.solskicenter.net\/it\/wp-json\/wp\/v2\/pages\/2537\/revisions\/2538"}],"wp:attachment":[{"href":"https:\/\/www.solskicenter.net\/it\/wp-json\/wp\/v2\/media?parent=2537"}],"wp:term":[{"taxonomy":"post_tag","embeddable":true,"href":"https:\/\/www.solskicenter.net\/it\/wp-json\/wp\/v2\/tags?post=2537"}],"curies":[{"name":"wp","href":"https:\/\/api.w.org\/{rel}","templated":true}]}}