{"id":14,"date":"2023-01-26T19:55:04","date_gmt":"2023-01-26T18:55:04","guid":{"rendered":"http:\/\/www.solskicenter.net\/\/?page_id=14"},"modified":"2024-11-24T20:56:49","modified_gmt":"2024-11-24T19:56:49","slug":"la-storia","status":"publish","type":"page","link":"https:\/\/www.solskicenter.net\/it\/la-scuola\/la-storia\/","title":{"rendered":"La Storia"},"content":{"rendered":"\n<p style=\"font-size:18px\">Le radici dell&#8217;istruzione superiore in lingua slovena a Gorizia risalgono al XIX secolo, quando lo stato Austriaco riorganizz\u00f2 i percorsi scolastici. Dal punto di vista storico, la citt\u00e0 di Gorizia fu uno dei principali centri scolastici in lingua slovena. Corsi di lingua slovena vennero istituiti gi\u00e0 nel ginnasio statale austriaco nel 1847, mentre dopo la riforma scolastica austriaca del 1866 fu fondato nel 1871 a Gorizia il primo istituto magistrale slovene, seguito poi anche da una classe parallela in lingua slovena nel 1908 all&#8217;interno dello Staatsgymnasium cittadino per poi dare vita al primo ginnasio statale sloveno nel 1913.<\/p>\n\n\n\n<p>Con la prima guerra mondiale e l&#8217;annessione di Gorizia all&#8217;Italia, il sistema scolastico sloveno sub\u00ec un duro colpo che comport\u00f2 la chiusura del ginnasio. In seguito alla riforma Gentile anche la scuola magistrale fu trasferita a Tolmino per poi essere soppressa nel 1927. Fu solo nel 1944, durante l&#8217;occupazione tedesca, che il ginnasio pot\u00e8 di nuovo riprendere la sua attivit\u00e0 ma solo per il breve periodo di un anno scolastico.<\/p>\n\n\n\n<p>Fu poi con l&#8217;a.s. 1945\/46 che l&#8217;istruzione superiore in lingua slovena pot\u00e9 rinascere grazie alla concessione del Governo Militare Alleato che istitu\u00ec nuovamente il liceo classico e l&#8217;istituto magistrale. Entrambi furono poi recepiti anche formalmente nel sistema scolastico italiano con la legge 1012 del 1961.<\/p>\n\n\n\n<p>Nel corso degli anni Novanta del secolo scorso l&#8217;immagine scolastica delineata dai programmi ministeriali fu in parte modificata dai rispettivi collegi dei docenti, sperimentando i nuovi indirizzi proposti dalla legislazione vigente. Le modifiche pi\u00f9 sostanziali&nbsp; interessarono la scuola magistrale S. Gregor\u010di\u010d, che da un&nbsp; percorso magistrale di quattro anni pass\u00f2 al percorso quinquennale trasformandosi in liceo pedagogico da cui si svilupparono poi due indirizzi distinti &#8211; il liceo delle scienze umane e il liceo scientifico-tecnologico.<\/p>\n\n\n\n<p>Con il 1\u00b0 settembre 2000 il liceo classico e l&#8217;ex istituto magistrale furono accorpati in un&#8217;unica scuola l&#8217;IIS Gregor\u010di\u010d, ottenendo cos\u00ec una personalit\u00e0 giuridica e l&#8217;autonomia dal punto di vista sia didattico che organizzativo.<\/p>\n\n\n\n<p>In seguito alla riforma Gelmini del 2010, i tre indirizzi si sono evoluti nelle nuove versioni del liceo classico riformato, del liceo scientifico con opzione scienze applicate e del liceo delle scienze umane.<\/p>\n\n\n\n<p>L\u2019ISIS \u201cGregor\u010di\u010d\u201d \u00e8 il risultato dell\u2019aggregazione del liceo classico con lingua d&#8217;insegnamento slovena \u00bbP.Trubar\u00ab e dell\u2019istituto magistrale \u00bbS.Gregor\u010di\u010d\u00ab.<\/p>\n\n\n\n<p>L&#8217;ISIS Gregor\u010di\u010d offre attualmente tre indirizzi di studio diversi: il liceo classico, il liceo delle scienze umane ed il liceo scientifico opzione scientifico tecnologica.<\/p>\n","protected":false},"excerpt":{"rendered":"<p>Le radici dell&#8217;istruzione superiore in lingua slovena a Gorizia risalgono al XIX secolo, quando lo stato Austriaco riorganizz\u00f2 i percorsi scolastici. Dal punto di vista storico, la citt\u00e0 di Gorizia fu uno dei principali centri scolastici [&hellip;]<\/p>\n","protected":false},"author":1,"featured_media":434,"parent":6,"menu_order":0,"comment_status":"closed","ping_status":"closed","template":"page-templates\/storia.php","meta":{"footnotes":""},"tags":[376],"class_list":["post-14","page","type-page","status-publish","has-post-thumbnail","hentry","tag-storia-dellistituto"],"_links":{"self":[{"href":"https:\/\/www.solskicenter.net\/it\/wp-json\/wp\/v2\/pages\/14","targetHints":{"allow":["GET"]}}],"collection":[{"href":"https:\/\/www.solskicenter.net\/it\/wp-json\/wp\/v2\/pages"}],"about":[{"href":"https:\/\/www.solskicenter.net\/it\/wp-json\/wp\/v2\/types\/page"}],"author":[{"embeddable":true,"href":"https:\/\/www.solskicenter.net\/it\/wp-json\/wp\/v2\/users\/1"}],"replies":[{"embeddable":true,"href":"https:\/\/www.solskicenter.net\/it\/wp-json\/wp\/v2\/comments?post=14"}],"version-history":[{"count":5,"href":"https:\/\/www.solskicenter.net\/it\/wp-json\/wp\/v2\/pages\/14\/revisions"}],"predecessor-version":[{"id":1857,"href":"https:\/\/www.solskicenter.net\/it\/wp-json\/wp\/v2\/pages\/14\/revisions\/1857"}],"up":[{"embeddable":true,"href":"https:\/\/www.solskicenter.net\/it\/wp-json\/wp\/v2\/pages\/6"}],"wp:featuredmedia":[{"embeddable":true,"href":"https:\/\/www.solskicenter.net\/it\/wp-json\/wp\/v2\/media\/434"}],"wp:attachment":[{"href":"https:\/\/www.solskicenter.net\/it\/wp-json\/wp\/v2\/media?parent=14"}],"wp:term":[{"taxonomy":"post_tag","embeddable":true,"href":"https:\/\/www.solskicenter.net\/it\/wp-json\/wp\/v2\/tags?post=14"}],"curies":[{"name":"wp","href":"https:\/\/api.w.org\/{rel}","templated":true}]}}