{"id":13,"date":"2023-01-26T19:55:04","date_gmt":"2023-01-26T18:55:04","guid":{"rendered":"http:\/\/www.solskicenter.net\/\/?page_id=13"},"modified":"2024-11-04T17:40:04","modified_gmt":"2024-11-04T16:40:04","slug":"presentazione","status":"publish","type":"page","link":"https:\/\/www.solskicenter.net\/it\/la-scuola\/presentazione\/","title":{"rendered":"Presentazione"},"content":{"rendered":"<p>L\u2019istituto statale con lingua d\u2019insegnamento slovena S. Gregor\u010di\u010d offre agli alunni del territorio goriziano la possibilit\u00e0 di svolgere i propri studi secondari superiori in lingua slovena seguendo per\u00f2 le linee guida dei programmi ministeriali italiani.<\/p>\n<p>L&#8217;istituto si articola nei seguenti tre indirizzi:<\/p>\n<ul>\n<li>liceo delle scienze umane \u2013 5 classi;<\/li>\n<li>liceo classico \u2013 5 classi;<\/li>\n<li>liceo scientifico \u2013 opzione scienze applicate \u2013 5 classi<\/li>\n<\/ul>\n<p>L&#8217;amministrazione scolastica si trova al pianoterra in via Puccini n.14 a Gorizia.<\/p>\n<p>&nbsp;<\/p>\n<p>&nbsp;<\/p>\n","protected":false},"excerpt":{"rendered":"<p>L\u2019istituto statale con lingua d\u2019insegnamento slovena S. Gregor\u010di\u010d offre agli alunni del territorio goriziano la possibilit\u00e0 di svolgere i propri studi secondari superiori in lingua slovena seguendo per\u00f2 le linee guida dei programmi ministeriali italiani. L&#8217;istituto [&hellip;]<\/p>\n","protected":false},"author":1,"featured_media":0,"parent":6,"menu_order":0,"comment_status":"closed","ping_status":"closed","template":"page-templates\/presentazione.php","meta":{"footnotes":""},"tags":[],"class_list":["post-13","page","type-page","status-publish","hentry"],"_links":{"self":[{"href":"https:\/\/www.solskicenter.net\/it\/wp-json\/wp\/v2\/pages\/13","targetHints":{"allow":["GET"]}}],"collection":[{"href":"https:\/\/www.solskicenter.net\/it\/wp-json\/wp\/v2\/pages"}],"about":[{"href":"https:\/\/www.solskicenter.net\/it\/wp-json\/wp\/v2\/types\/page"}],"author":[{"embeddable":true,"href":"https:\/\/www.solskicenter.net\/it\/wp-json\/wp\/v2\/users\/1"}],"replies":[{"embeddable":true,"href":"https:\/\/www.solskicenter.net\/it\/wp-json\/wp\/v2\/comments?post=13"}],"version-history":[{"count":3,"href":"https:\/\/www.solskicenter.net\/it\/wp-json\/wp\/v2\/pages\/13\/revisions"}],"predecessor-version":[{"id":1727,"href":"https:\/\/www.solskicenter.net\/it\/wp-json\/wp\/v2\/pages\/13\/revisions\/1727"}],"up":[{"embeddable":true,"href":"https:\/\/www.solskicenter.net\/it\/wp-json\/wp\/v2\/pages\/6"}],"wp:attachment":[{"href":"https:\/\/www.solskicenter.net\/it\/wp-json\/wp\/v2\/media?parent=13"}],"wp:term":[{"taxonomy":"post_tag","embeddable":true,"href":"https:\/\/www.solskicenter.net\/it\/wp-json\/wp\/v2\/tags?post=13"}],"curies":[{"name":"wp","href":"https:\/\/api.w.org\/{rel}","templated":true}]}}